{"id":3755,"date":"2012-09-01T14:32:13","date_gmt":"2012-09-01T14:32:13","guid":{"rendered":"https:\/\/dev.ttn-taxation.net\/home\/"},"modified":"2022-11-23T15:50:15","modified_gmt":"2022-11-23T15:50:15","slug":"bienvenido","status":"publish","type":"page","link":"https:\/\/www.ttn-taxation.net\/es\/","title":{"rendered":"Bienvenido"},"content":{"rendered":"<div id='layer_slider_1'  class='avia-layerslider main_color avia-shadow  avia-builder-el-0  el_before_av_section  avia-builder-el-first  container_wrap fullsize'  style='height: 471px;'  ><\/div>\n<div id='av_section_1'  class='avia-section av-2lutat-22eb9d71da318f09a8bdebeba2bb8615 main_color avia-section-default avia-no-border-styling  avia-builder-el-1  el_after_av_layerslider  el_before_av_section  avia-bg-style-scroll container_wrap fullsize'  ><div class='container av-section-cont-open' ><div class='template-page content  av-content-full alpha units'><div class='post-entry post-entry-type-page post-entry-3755'><div class='entry-content-wrapper clearfix'>\n<div class='flex_column av-ywx0u-1e8d86a35f52b86ada17b70e6b8ca251 av_one_third  avia-builder-el-2  el_before_av_one_third  avia-builder-el-first  first flex_column_div '     ><article  class='iconbox iconbox_left av-9j3b66-c6efa79e1ed073c0559a263a0349dce6  avia-builder-el-3  avia-builder-el-no-sibling '  itemscope=\"itemscope\" itemtype=\"https:\/\/schema.org\/CreativeWork\" ><div class=\"iconbox_content\"><header class=\"entry-content-header\"><div class=\"iconbox_icon heading-color\" aria-hidden='true' data-av_icon='\ue837' data-av_iconfont='entypo-fontello'><\/div><h3 class='iconbox_content_title '  itemprop=\"headline\" >Sobre TTN<\/h3><\/header><div class='iconbox_content_container '  itemprop=\"text\" ><p>TTN se constituy\u00f3 en 1989 como una asociaci\u00f3n suiza. La membres\u00eda en primer lugar es personal para reflejar la filosof\u00eda fundacional de una agrupaci\u00f3n \u00edntima de amigos y colegas.<\/p>\n<\/div><\/div><footer class=\"entry-footer\"><\/footer><\/article><\/div><div class='flex_column av-xsr1a-69342b0b328ebee10911f095afde2353 av_one_third  avia-builder-el-4  el_after_av_one_third  el_before_av_one_third  flex_column_div '     ><article  class='iconbox iconbox_left av-95j3jy-43f19ee073184fb20ed57012410ecef3  avia-builder-el-5  avia-builder-el-no-sibling '  itemscope=\"itemscope\" itemtype=\"https:\/\/schema.org\/CreativeWork\" ><div class=\"iconbox_content\"><header class=\"entry-content-header\"><div class=\"iconbox_icon heading-color\" aria-hidden='true' data-av_icon='\ue8ad' data-av_iconfont='entypo-fontello'><\/div><h3 class='iconbox_content_title '  itemprop=\"headline\" >Socios<\/h3><\/header><div class='iconbox_content_container '  itemprop=\"text\" ><p>La membres\u00eda de TTN se basa principalmente en leyes tributarias m\u00e1s peque\u00f1as, pr\u00e1cticas contables y de confianza con una s\u00f3lida base de clientes internacionales. TTN tiene una base de membres\u00eda predominantemente en Europa occidental, ya que se considera importante reunirse regularmente para intercambiar opiniones y discutir nuevos desarrollos.<\/p>\n<\/div><\/div><footer class=\"entry-footer\"><\/footer><\/article><\/div><div class='flex_column av-92h5zq-20c36726bc00c78b1fe1f6e4f908c363 av_one_third  avia-builder-el-6  el_after_av_one_third  avia-builder-el-last  flex_column_div '     ><article  class='iconbox iconbox_left av-8v5utq-5b35edce1b8d3d5781d38f9f7bae44c9  avia-builder-el-7  avia-builder-el-no-sibling '  itemscope=\"itemscope\" itemtype=\"https:\/\/schema.org\/CreativeWork\" ><div class=\"iconbox_content\"><header class=\"entry-content-header\"><div class=\"iconbox_icon heading-color\" aria-hidden='true' data-av_icon='\ue842' data-av_iconfont='entypo-fontello'><\/div><h3 class='iconbox_content_title '  itemprop=\"headline\" >Conferencias<\/h3><\/header><div class='iconbox_content_container '  itemprop=\"text\" ><p>Nuestras conferencias brindan la oportunidad de intercambiar conocimientos y experiencias. Permiten contactos \u00fatiles con expertos l\u00edderes en el sector fiscal, contable y de fideicomiso.<\/p>\n<\/div><\/div><footer class=\"entry-footer\"><\/footer><\/article><\/div>\n\n<\/div><\/div><\/div><!-- close content main div --><\/div><\/div><div id='av_section_2'  class='avia-section av-8nn3wu-48be60157f0ddf2ffc071045c21c98a5 alternate_color avia-section-large avia-shadow  avia-builder-el-8  el_after_av_section  avia-builder-el-last  avia-bg-style-scroll container_wrap fullsize'  ><div class='container av-section-cont-open' ><div class='template-page content  av-content-full alpha units'><div class='post-entry post-entry-type-page post-entry-3755'><div class='entry-content-wrapper clearfix'>\n<div class='flex_column av-8jz552-eefd6b1bd07a6229b8570634ac38fbd5 av_two_third  avia-builder-el-9  el_before_av_one_third  avia-builder-el-first  first flex_column_div '     ><style type=\"text\/css\" data-created_by=\"avia_inline_auto\" id=\"style-css-av-8exk3q-5b5608b3f0f21222c1ade12e8aedaa87\">\n#top .av_textblock_section.av-8exk3q-5b5608b3f0f21222c1ade12e8aedaa87 .avia_textblock{\ncolor:#3b8667;\n}\n<\/style>\n<section  class='av_textblock_section av-8exk3q-5b5608b3f0f21222c1ade12e8aedaa87'  itemscope=\"itemscope\" itemtype=\"https:\/\/schema.org\/CreativeWork\" ><div class='avia_textblock av_inherit_color'  itemprop=\"text\" ><h2 style=\"text-align: left;\">Bienvenido<\/h2>\n<\/div><\/section><br \/>\n<div  class='hr av-tb2ti-feb2c602b4d6bd5b0816170c6e37e9cb hr-short  avia-builder-el-11  el_after_av_textblock  el_before_av_textblock  hr-left'><span class='hr-inner '><span class=\"hr-inner-style\"><\/span><\/span><\/div><br \/>\n<section  class='av_textblock_section av-7zlbpa-95da701e6e1a90bc7007de7793f95dff'  itemscope=\"itemscope\" itemtype=\"https:\/\/schema.org\/CreativeWork\" ><div class='avia_textblock'  itemprop=\"text\" ><p>Estimado visitante,<\/p>\n<p>Nos gustar\u00eda darle la bienvenida a TTN. TTN es una asociaci\u00f3n multidisciplinaria de profesionales de impuestos, contabilidad y fideicomisos que tienen un inter\u00e9s pr\u00e1ctico en el impuesto internacional a nivel corporativo y personal.<\/p>\n<p>Los objetivos de nuestro grupo son proporcionar informaci\u00f3n y contactos con nuestros colegas en varias jurisdicciones internacionales.<\/p>\n<p>El grupo se re\u00fane en diferentes ubicaciones internacionales seis veces al a\u00f1o. Estas reuniones brindan oportunidades para que los miembros discutan asuntos de impuestos internacionales de manera informal. El grupo brinda a sus miembros un fuerte apoyo educativo a trav\u00e9s de Internet y boletines.<\/p>\n<p>Estamos agradecidos de que el grupo pueda proporcionar una infraestructura mediante la cual los miembros del grupo puedan reunirse, discutir y aclarar asuntos de car\u00e1cter internacional.<\/p>\n<p>Arturo Brook &#8211; Presidente TTN<\/p>\n<\/div><\/section><br \/>\n\n<style type=\"text\/css\" data-created_by=\"avia_inline_auto\" id=\"style-css-av-2ut6m-dfc0ddbf8aece175a51da5de8f06f440\">\n#top .hr.hr-invisible.av-2ut6m-dfc0ddbf8aece175a51da5de8f06f440{\nheight:70px;\n}\n<\/style>\n<div  class='hr av-2ut6m-dfc0ddbf8aece175a51da5de8f06f440 hr-invisible  avia-builder-el-13  el_after_av_textblock  avia-builder-el-last '><span class='hr-inner '><span class=\"hr-inner-style\"><\/span><\/span><\/div><\/p><\/div><div class='flex_column av-8jz552-c2af21103fdf84b060fd75fb20590942 av_one_third  avia-builder-el-14  el_after_av_two_third  avia-builder-el-last  flex_column_div '     ><p>\n<style type=\"text\/css\" data-created_by=\"avia_inline_auto\" id=\"style-css-av-tb2ti-7954cd604ed77e5e94871aa24b6c306b\">\n#top .hr.hr-invisible.av-tb2ti-7954cd604ed77e5e94871aa24b6c306b{\nheight:125px;\n}\n<\/style>\n<div  class='hr av-tb2ti-7954cd604ed77e5e94871aa24b6c306b hr-invisible  avia-builder-el-15  el_before_av_image  avia-builder-el-first '><span class='hr-inner '><span class=\"hr-inner-style\"><\/span><\/span><\/div><br \/>\n\n<style type=\"text\/css\" data-created_by=\"avia_inline_auto\" id=\"style-css-av-k48gki41-1949ace65943b571eeaab92637d751e2\">\n.avia-image-container.av-k48gki41-1949ace65943b571eeaab92637d751e2 img.avia_image{\nbox-shadow:none;\n}\n.avia-image-container.av-k48gki41-1949ace65943b571eeaab92637d751e2 .av-image-caption-overlay-center{\ncolor:#ffffff;\n}\n<\/style>\n<div  class='avia-image-container av-k48gki41-1949ace65943b571eeaab92637d751e2 av-styling- avia-align-left  avia-builder-el-16  el_after_av_hr  avia-builder-el-last '   itemprop=\"image\" itemscope=\"itemscope\" itemtype=\"https:\/\/schema.org\/ImageObject\" ><div class=\"avia-image-container-inner\"><div class=\"avia-image-overlay-wrap\"><img decoding=\"async\" class='wp-image-4222 avia-img-lazy-loading-not-4222 avia_image ' src=\"https:\/\/www.ttn-taxation.net\/wp-content\/uploads\/2022\/11\/Arturo.jpg\" alt='' title='Arturo'  height=\"200\" width=\"150\"  itemprop=\"thumbnailUrl\"  \/><\/div><\/div><\/div><\/p><\/div><br \/>\n<script><\/script><\/p>\n","protected":false},"excerpt":{"rendered":"","protected":false},"author":5,"featured_media":0,"parent":0,"menu_order":0,"comment_status":"closed","ping_status":"closed","template":"","meta":{"footnotes":""},"class_list":["post-3755","page","type-page","status-publish","hentry"],"_links":{"self":[{"href":"https:\/\/www.ttn-taxation.net\/es\/wp-json\/wp\/v2\/pages\/3755","targetHints":{"allow":["GET"]}}],"collection":[{"href":"https:\/\/www.ttn-taxation.net\/es\/wp-json\/wp\/v2\/pages"}],"about":[{"href":"https:\/\/www.ttn-taxation.net\/es\/wp-json\/wp\/v2\/types\/page"}],"author":[{"embeddable":true,"href":"https:\/\/www.ttn-taxation.net\/es\/wp-json\/wp\/v2\/users\/5"}],"replies":[{"embeddable":true,"href":"https:\/\/www.ttn-taxation.net\/es\/wp-json\/wp\/v2\/comments?post=3755"}],"version-history":[{"count":0,"href":"https:\/\/www.ttn-taxation.net\/es\/wp-json\/wp\/v2\/pages\/3755\/revisions"}],"wp:attachment":[{"href":"https:\/\/www.ttn-taxation.net\/es\/wp-json\/wp\/v2\/media?parent=3755"}],"curies":[{"name":"wp","href":"https:\/\/api.w.org\/{rel}","templated":true}]}}