{"id":3763,"date":"2012-09-01T20:50:25","date_gmt":"2012-09-01T20:50:25","guid":{"rendered":"https:\/\/dev.ttn-taxation.net\/about-us\/"},"modified":"2020-04-03T20:12:18","modified_gmt":"2020-04-03T20:12:18","slug":"sobre-ttn","status":"publish","type":"page","link":"https:\/\/www.ttn-taxation.net\/es\/sobre-ttn\/","title":{"rendered":"Sobre TTN"},"content":{"rendered":"\n<style type=\"text\/css\" data-created_by=\"avia_inline_auto\" id=\"style-css-av-ntz6-85980b2f69ba38197720c88a050e5dd7\">\n.avia-section.av-ntz6-85980b2f69ba38197720c88a050e5dd7{\nbackground-repeat:no-repeat;\nbackground-image:url(https:\/\/www.ttn-taxation.net\/wp-content\/uploads\/2020\/01\/TTN-taxation-3-845x321.jpg);\nbackground-position:0% 0%;\nbackground-attachment:scroll;\n}\n.avia-section.av-ntz6-85980b2f69ba38197720c88a050e5dd7 .av-section-color-overlay{\nopacity:0.4;\nbackground-color:#6b9182;\n}\n<\/style>\n<div id='av_section_1'  class='avia-section av-ntz6-85980b2f69ba38197720c88a050e5dd7 main_color avia-section-default avia-no-border-styling  avia-builder-el-0  el_before_av_two_third  avia-builder-el-first  avia-bg-style-scroll av-section-color-overlay-active av-minimum-height av-minimum-height-25  av-section-with-video-bg container_wrap fullsize'  data-section-bg-repeat='no-repeat' data-av_minimum_height_pc='25' data-section-video-ratio='16:9'><div  class='avia-slideshow av_slideshow_obj-1-69f632f675100 avia-slideshow-featured av_slideshow avia-slide-slider av-slideshow-ui av-control-default av-slideshow-manual av-loop-once av-loop-manual-endless av-default-height-applied  av-section-video-bg avia-slideshow-1' data-slideshow-options=\"{&quot;animation&quot;:&quot;slide&quot;,&quot;autoplay&quot;:false,&quot;loop_autoplay&quot;:&quot;once&quot;,&quot;interval&quot;:5,&quot;loop_manual&quot;:&quot;manual-endless&quot;,&quot;autoplay_stopper&quot;:false,&quot;noNavigation&quot;:false,&quot;bg_slider&quot;:false,&quot;keep_padding&quot;:false,&quot;hoverpause&quot;:false,&quot;show_slide_delay&quot;:0}\"  itemprop=\"image\" itemscope=\"itemscope\" itemtype=\"https:\/\/schema.org\/ImageObject\" ><ul class='avia-slideshow-inner ' style='padding-bottom: 28.666666666667%;'><li  data-controls='disabled' data-mute='aviaTBaviaTBvideo_mute' data-loop='1' data-disable-autoplay=''  data-video-ratio='1.7777777777778' class='avia-slideshow-slide av_slideshow_obj-1-69f632f675100__0  av-video-slide  av-video-service-youtube  av-hide-video-controls av-mute-video av-loop-video  av-single-slide slide-1 slide-odd'><div data-rel='slideshow-1' class='avia-slide-wrap '   ><div class='av-click-overlay'><\/div><div class='mejs-mediaelement'  itemprop=\"video\" itemtype=\"https:\/\/schema.org\/VideoObject\" ><div height='1600' width='900' class='av_youtube_frame' id='player_3763_2133647481_1509475745'  data-autoplay='0'  data-videoid='FzXexluf_Xk'  data-hd='1'  data-rel='0'  data-wmode='opaque'  data-loop='0'  data-version='3'  data-autohide='1'  data-color='white'  data-controls='0'  data-iv_load_policy='3'  data-original_url='https:\/\/youtu.be\/FzXexluf_Xk' ><\/div><\/div><div class=\"av-click-to-play-overlay\"><div class=\"avia_playpause_icon\"><\/div><\/div><\/div><\/li><\/ul><\/div><div class=\"av-section-color-overlay-wrap\"><div class=\"av-section-color-overlay\"><\/div><div class='container av-section-cont-open' ><main  role=\"main\" itemprop=\"mainContentOfPage\"  class='template-page content  av-content-full alpha units'><div class='post-entry post-entry-type-page post-entry-3763'><div class='entry-content-wrapper clearfix'><\/div><\/div><\/main><!-- close content main element --><\/div><\/div><\/div><div id='after_section_1'  class='main_color av_default_container_wrap container_wrap fullsize'  ><div class='container av-section-cont-open' ><div class='template-page content  av-content-full alpha units'><div class='post-entry post-entry-type-page post-entry-3763'><div class='entry-content-wrapper clearfix'>\n\n<style type=\"text\/css\" data-created_by=\"avia_inline_auto\" id=\"style-css-av-1k9k4-b132e82a64e0354990a4a160188140ac\">\n.flex_column.av-1k9k4-b132e82a64e0354990a4a160188140ac{\n-webkit-border-radius:0px 0px 0px 0px;\n-moz-border-radius:0px 0px 0px 0px;\nborder-radius:0px 0px 0px 0px;\npadding:0px 0px 0px 0px;\n}\n<\/style>\n<div class='flex_column av-1k9k4-b132e82a64e0354990a4a160188140ac av_two_third  avia-builder-el-1  el_after_av_section  el_before_av_one_third  avia-builder-el-first  first flex_column_div av-zero-column-padding '     ><p>\n<style type=\"text\/css\" data-created_by=\"avia_inline_auto\" id=\"style-css-av-k8kijchm-3b36f98ca2dd6b734c9dd54f2c3fc831\">\n#top .av-special-heading.av-k8kijchm-3b36f98ca2dd6b734c9dd54f2c3fc831{\npadding-bottom:10px;\n}\nbody .av-special-heading.av-k8kijchm-3b36f98ca2dd6b734c9dd54f2c3fc831 .av-special-heading-tag .heading-char{\nfont-size:25px;\n}\n.av-special-heading.av-k8kijchm-3b36f98ca2dd6b734c9dd54f2c3fc831 .av-subheading{\nfont-size:15px;\n}\n<\/style>\n<div  class='av-special-heading av-k8kijchm-3b36f98ca2dd6b734c9dd54f2c3fc831 av-special-heading-h3  avia-builder-el-2  el_before_av_textblock  avia-builder-el-first '><h3 class='av-special-heading-tag'  itemprop=\"headline\"  >Sobre TTN<\/h3><div class=\"special-heading-border\"><div class=\"special-heading-inner-border\"><\/div><\/div><\/div><br \/>\n<section  class='av_textblock_section av-k48ny9ze-55fc996adcbb3e54934f5c63ee0912b8'  itemscope=\"itemscope\" itemtype=\"https:\/\/schema.org\/CreativeWork\" ><div class='avia_textblock'  itemprop=\"text\" ><p>TTN se form\u00f3 en 1989 y se constituye como una asociaci\u00f3n suiza. La membres\u00eda de la red es personal m\u00e1s que corporativa para reflejar la filosof\u00eda fundacional de una agrupaci\u00f3n \u00edntima de amigos y colegas en lugar de una gran instituci\u00f3n administrada profesionalmente.<\/p>\n<p>La membres\u00eda de TTN se basa principalmente en leyes tributarias m\u00e1s peque\u00f1as, pr\u00e1cticas contables y de fideicomiso con una s\u00f3lida base de clientes internacionales.<\/p>\n<p>Algunos pa\u00edses est\u00e1n representados por m\u00e1s de un miembro, pero la admisi\u00f3n se basa en un criterio de complementariedad de habilidades con los miembros existentes para evitar conflictos. TTN tiene una base de membres\u00eda predominantemente en Europa occidental, ya que se considera importante reunirse regularmente para intercambiar opiniones y discutir nuevos desarrollos.<\/p>\n<p>Se pone gran \u00e9nfasis en la asistencia a las reuniones bi-anuales que tienen lugar en primavera y oto\u00f1o de cada a\u00f1o. En estas reuniones, los temas relacionados con los impuestos de inter\u00e9s t\u00f3pico son presentados por oradores provenientes tanto de los propios miembros como de reconocidos especialistas del gobierno, la academia y reconocidas empresas del sector privado.<\/p>\n<p>El Comit\u00e9 Ejecutivo reconoce la importancia de alentar a los miembros a formar redes para beneficio mutuo. Por lo tanto, las reuniones son educativas, comerciales y sociales. Los c\u00f3nyuges son bienvenidos, y hay un entretenido programa de excursiones, visitas y recepciones.<\/p>\n<p>Los costos de funcionamiento de esta red tributaria se mantienen al m\u00ednimo y las suscripciones anuales reflejan esto. Para m\u00e1s informaci\u00f3n sobre membres\u00eda contacte a la secretar\u00eda: <a href=\"mailto:info@ttn-taxation.net\">info@ttn-taxation.net<\/a>.<\/p>\n<\/div><\/section><\/p><\/div>\n\n<style type=\"text\/css\" data-created_by=\"avia_inline_auto\" id=\"style-css-av-11wdc-8ad507d3b211c0a72d42e504815ef922\">\n.flex_column.av-11wdc-8ad507d3b211c0a72d42e504815ef922{\n-webkit-border-radius:0px 0px 0px 0px;\n-moz-border-radius:0px 0px 0px 0px;\nborder-radius:0px 0px 0px 0px;\npadding:0px 0px 0px 0px;\n}\n<\/style>\n<div class='flex_column av-11wdc-8ad507d3b211c0a72d42e504815ef922 av_one_third  avia-builder-el-4  el_after_av_two_third  el_before_av_hr  flex_column_div av-zero-column-padding '     ><p>\n<style type=\"text\/css\" data-created_by=\"avia_inline_auto\" id=\"style-css-av-k48o0ytv-25ea9d5a14a7766785a08e680bbf0546\">\n.avia-image-container.av-k48o0ytv-25ea9d5a14a7766785a08e680bbf0546 img.avia_image{\nbox-shadow:none;\n}\n.avia-image-container.av-k48o0ytv-25ea9d5a14a7766785a08e680bbf0546 .av-image-caption-overlay-center{\ncolor:#ffffff;\n}\n<\/style>\n<div  class='avia-image-container av-k48o0ytv-25ea9d5a14a7766785a08e680bbf0546 av-styling- avia-align-center  avia-builder-el-5  el_before_av_image  avia-builder-el-first '   itemprop=\"image\" itemscope=\"itemscope\" itemtype=\"https:\/\/schema.org\/ImageObject\" ><div class=\"avia-image-container-inner\"><div class=\"avia-image-overlay-wrap\"><img loading=\"lazy\" decoding=\"async\" class='wp-image-3450 avia-img-lazy-loading-not-3450 avia_image ' src=\"https:\/\/www.ttn-taxation.net\/wp-content\/uploads\/2019\/12\/thumbs_thumbs_20130502_ttn_035_original.jpg\" alt='' title='thumbs_thumbs_20130502_ttn_035_original'  height=\"220\" width=\"220\"  itemprop=\"thumbnailUrl\" srcset=\"https:\/\/www.ttn-taxation.net\/wp-content\/uploads\/2019\/12\/thumbs_thumbs_20130502_ttn_035_original.jpg 220w, https:\/\/www.ttn-taxation.net\/wp-content\/uploads\/2019\/12\/thumbs_thumbs_20130502_ttn_035_original-80x80.jpg 80w, https:\/\/www.ttn-taxation.net\/wp-content\/uploads\/2019\/12\/thumbs_thumbs_20130502_ttn_035_original-36x36.jpg 36w, https:\/\/www.ttn-taxation.net\/wp-content\/uploads\/2019\/12\/thumbs_thumbs_20130502_ttn_035_original-180x180.jpg 180w\" sizes=\"(max-width: 220px) 100vw, 220px\" \/><\/div><\/div><\/div><br \/>\n\n<style type=\"text\/css\" data-created_by=\"avia_inline_auto\" id=\"style-css-av-k48o0ytv-6e704bf6789083f6a68cd50f0c4983ff\">\n.avia-image-container.av-k48o0ytv-6e704bf6789083f6a68cd50f0c4983ff img.avia_image{\nbox-shadow:none;\n}\n.avia-image-container.av-k48o0ytv-6e704bf6789083f6a68cd50f0c4983ff .av-image-caption-overlay-center{\ncolor:#ffffff;\n}\n<\/style>\n<div  class='avia-image-container av-k48o0ytv-6e704bf6789083f6a68cd50f0c4983ff av-styling- avia-align-center  avia-builder-el-6  el_after_av_image  el_before_av_image '   itemprop=\"image\" itemscope=\"itemscope\" itemtype=\"https:\/\/schema.org\/ImageObject\" ><div class=\"avia-image-container-inner\"><div class=\"avia-image-overlay-wrap\"><img loading=\"lazy\" decoding=\"async\" class='wp-image-3448 avia-img-lazy-loading-not-3448 avia_image ' src=\"https:\/\/www.ttn-taxation.net\/wp-content\/uploads\/2019\/12\/thumbs_thumbs_20130502_ttn_015_original.jpg\" alt='' title='thumbs_thumbs_20130502_ttn_015_original'  height=\"220\" width=\"220\"  itemprop=\"thumbnailUrl\" srcset=\"https:\/\/www.ttn-taxation.net\/wp-content\/uploads\/2019\/12\/thumbs_thumbs_20130502_ttn_015_original.jpg 220w, https:\/\/www.ttn-taxation.net\/wp-content\/uploads\/2019\/12\/thumbs_thumbs_20130502_ttn_015_original-80x80.jpg 80w, https:\/\/www.ttn-taxation.net\/wp-content\/uploads\/2019\/12\/thumbs_thumbs_20130502_ttn_015_original-36x36.jpg 36w, https:\/\/www.ttn-taxation.net\/wp-content\/uploads\/2019\/12\/thumbs_thumbs_20130502_ttn_015_original-180x180.jpg 180w\" sizes=\"(max-width: 220px) 100vw, 220px\" \/><\/div><\/div><\/div><br \/>\n\n<style type=\"text\/css\" data-created_by=\"avia_inline_auto\" id=\"style-css-av-k48o0ytv-cbe04ac82730ca90e7b57525a0037b98\">\n.avia-image-container.av-k48o0ytv-cbe04ac82730ca90e7b57525a0037b98 img.avia_image{\nbox-shadow:none;\n}\n.avia-image-container.av-k48o0ytv-cbe04ac82730ca90e7b57525a0037b98 .av-image-caption-overlay-center{\ncolor:#ffffff;\n}\n<\/style>\n<div  class='avia-image-container av-k48o0ytv-cbe04ac82730ca90e7b57525a0037b98 av-styling- avia-align-center  avia-builder-el-7  el_after_av_image  avia-builder-el-last '   itemprop=\"image\" itemscope=\"itemscope\" itemtype=\"https:\/\/schema.org\/ImageObject\" ><div class=\"avia-image-container-inner\"><div class=\"avia-image-overlay-wrap\"><img loading=\"lazy\" decoding=\"async\" class='wp-image-3446 avia-img-lazy-loading-not-3446 avia_image ' src=\"https:\/\/www.ttn-taxation.net\/wp-content\/uploads\/2019\/12\/thumbs_thumbs_20130502_ttn_013_original.jpg\" alt='' title='thumbs_thumbs_20130502_ttn_013_original'  height=\"220\" width=\"220\"  itemprop=\"thumbnailUrl\" srcset=\"https:\/\/www.ttn-taxation.net\/wp-content\/uploads\/2019\/12\/thumbs_thumbs_20130502_ttn_013_original.jpg 220w, https:\/\/www.ttn-taxation.net\/wp-content\/uploads\/2019\/12\/thumbs_thumbs_20130502_ttn_013_original-80x80.jpg 80w, https:\/\/www.ttn-taxation.net\/wp-content\/uploads\/2019\/12\/thumbs_thumbs_20130502_ttn_013_original-36x36.jpg 36w, https:\/\/www.ttn-taxation.net\/wp-content\/uploads\/2019\/12\/thumbs_thumbs_20130502_ttn_013_original-180x180.jpg 180w\" sizes=\"(max-width: 220px) 100vw, 220px\" \/><\/div><\/div><\/div><\/p><\/div>\n<div  class='hr av-k48of4mr-b77441ba113078de11af1cb0ddef2e67 hr-default  avia-builder-el-8  el_after_av_one_third  el_before_av_section  avia-builder-el-last '><span class='hr-inner '><span class=\"hr-inner-style\"><\/span><\/span><\/div>\n<p><\/div><\/div><\/div><!-- close content main div --><\/div><\/div><div id='joven'  class='avia-section av-k7ubkjz2-f9ddbc59a1413b2a23f787b68ed901f8 main_color avia-section-default avia-no-border-styling  avia-builder-el-9  el_after_av_hr  avia-builder-el-last  avia-bg-style-scroll container_wrap fullsize'  ><div class='container av-section-cont-open' ><div class='template-page content  av-content-full alpha units'><div class='post-entry post-entry-type-page post-entry-3763'><div class='entry-content-wrapper clearfix'>\n\n<style type=\"text\/css\" data-created_by=\"avia_inline_auto\" id=\"style-css-av-11wdc-500dc95aabe6d53e821ade1f594bb8aa\">\n.flex_column.av-11wdc-500dc95aabe6d53e821ade1f594bb8aa{\n-webkit-border-radius:0px 0px 0px 0px;\n-moz-border-radius:0px 0px 0px 0px;\nborder-radius:0px 0px 0px 0px;\npadding:0px 0px 0px 0px;\n}\n<\/style>\n<div class='flex_column av-11wdc-500dc95aabe6d53e821ade1f594bb8aa av_one_third  avia-builder-el-10  el_before_av_two_third  avia-builder-el-first  first flex_column_div av-zero-column-padding '     ><style type=\"text\/css\" data-created_by=\"avia_inline_auto\" id=\"style-css-av-k48o0ytv-e31797ae505505aa60c6e0eac13b85d1\">\n.avia-image-container.av-k48o0ytv-e31797ae505505aa60c6e0eac13b85d1 img.avia_image{\nbox-shadow:none;\n}\n.avia-image-container.av-k48o0ytv-e31797ae505505aa60c6e0eac13b85d1 .av-image-caption-overlay-center{\ncolor:#ffffff;\n}\n<\/style>\n<div  class='avia-image-container av-k48o0ytv-e31797ae505505aa60c6e0eac13b85d1 av-styling- avia-align-left  avia-builder-el-11  avia-builder-el-no-sibling '   itemprop=\"image\" itemscope=\"itemscope\" itemtype=\"https:\/\/schema.org\/ImageObject\" ><div class=\"avia-image-container-inner\"><div class=\"avia-image-overlay-wrap\"><img loading=\"lazy\" decoding=\"async\" loading=\"lazy\" class='wp-image-3457 avia-img-lazy-loading-not-3457 avia_image ' src=\"https:\/\/www.ttn-taxation.net\/wp-content\/uploads\/2019\/12\/Associates.jpg\" alt='' title='Associates'  height=\"300\" width=\"199\"  itemprop=\"thumbnailUrl\"  \/><\/div><\/div><\/div><\/div>\n<style type=\"text\/css\" data-created_by=\"avia_inline_auto\" id=\"style-css-av-1k9k4-b68a0c4160142f6acd7d3db2bab24d7c\">\n.flex_column.av-1k9k4-b68a0c4160142f6acd7d3db2bab24d7c{\n-webkit-border-radius:0px 0px 0px 0px;\n-moz-border-radius:0px 0px 0px 0px;\nborder-radius:0px 0px 0px 0px;\npadding:0px 0px 0px 0px;\n}\n<\/style>\n<div class='flex_column av-1k9k4-b68a0c4160142f6acd7d3db2bab24d7c av_two_third  avia-builder-el-12  el_after_av_one_third  avia-builder-el-last  flex_column_div av-zero-column-padding '     ><p>\n<style type=\"text\/css\" data-created_by=\"avia_inline_auto\" id=\"style-css-av-vm24-3c046acdcd6a485bab71967844ddd28d\">\n#top .av-special-heading.av-vm24-3c046acdcd6a485bab71967844ddd28d{\npadding-bottom:10px;\n}\nbody .av-special-heading.av-vm24-3c046acdcd6a485bab71967844ddd28d .av-special-heading-tag .heading-char{\nfont-size:25px;\n}\n.av-special-heading.av-vm24-3c046acdcd6a485bab71967844ddd28d .av-subheading{\nfont-size:15px;\n}\n<\/style>\n<div  class='av-special-heading av-vm24-3c046acdcd6a485bab71967844ddd28d av-special-heading-h3  avia-builder-el-13  el_before_av_textblock  avia-builder-el-first '><h3 class='av-special-heading-tag'  itemprop=\"headline\"  >About Young TTN<\/h3><div class=\"special-heading-border\"><div class=\"special-heading-inner-border\"><\/div><\/div><\/div><br \/>\n<section  class='av_textblock_section av-k48ny9ze-55fc996adcbb3e54934f5c63ee0912b8'  itemscope=\"itemscope\" itemtype=\"https:\/\/schema.org\/CreativeWork\" ><div class='avia_textblock'  itemprop=\"text\" ><p>TTN is seeking enthusiastic and high potential young tax professionals to become associate members of TTN.<\/p>\n<p>Generally, acceptance is limited to tax advisors under 35 years old. Associate members will be entitled to attend all TTN conference functions and will be able to speak at TTN conferences. A discounted fee structure is available to associate members. Active involvement and attendance at a minimum of one of the international tax conferences of TTN is expected from every member.<\/p>\n<p>Associate membership is renewed every year with the approval the Executive Committee. For full TTN membership, a separate full TTN Executive Committee approval is necessary.<\/p>\n<p>For more information, please contact the secretariat:\u00a0<a href=\"mailto:info@ttn-taxation.net\">info@ttn-taxation.net<\/a><\/p>\n<\/div><\/section><\/p><\/div>\n<br \/>\n<script><\/script><\/p>\n","protected":false},"excerpt":{"rendered":"","protected":false},"author":5,"featured_media":0,"parent":0,"menu_order":0,"comment_status":"closed","ping_status":"closed","template":"","meta":{"footnotes":""},"class_list":["post-3763","page","type-page","status-publish","hentry"],"_links":{"self":[{"href":"https:\/\/www.ttn-taxation.net\/es\/wp-json\/wp\/v2\/pages\/3763","targetHints":{"allow":["GET"]}}],"collection":[{"href":"https:\/\/www.ttn-taxation.net\/es\/wp-json\/wp\/v2\/pages"}],"about":[{"href":"https:\/\/www.ttn-taxation.net\/es\/wp-json\/wp\/v2\/types\/page"}],"author":[{"embeddable":true,"href":"https:\/\/www.ttn-taxation.net\/es\/wp-json\/wp\/v2\/users\/5"}],"replies":[{"embeddable":true,"href":"https:\/\/www.ttn-taxation.net\/es\/wp-json\/wp\/v2\/comments?post=3763"}],"version-history":[{"count":0,"href":"https:\/\/www.ttn-taxation.net\/es\/wp-json\/wp\/v2\/pages\/3763\/revisions"}],"wp:attachment":[{"href":"https:\/\/www.ttn-taxation.net\/es\/wp-json\/wp\/v2\/media?parent=3763"}],"curies":[{"name":"wp","href":"https:\/\/api.w.org\/{rel}","templated":true}]}}